{"id":50,"date":"2025-02-27T04:38:31","date_gmt":"2025-02-27T04:38:31","guid":{"rendered":"https:\/\/cfarming-project.eu\/?page_id=50"},"modified":"2025-03-21T12:10:52","modified_gmt":"2025-03-21T12:10:52","slug":"about-the-project","status":"publish","type":"page","link":"https:\/\/cfarming-project.eu\/sl\/about-the-project\/","title":{"rendered":"O projektu"},"content":{"rendered":"<p>C-Farming spodbuja razvoj zelenega poslovnega modela oglji\u010dnega kmetovanja z nadgradnjo zelenih, digitalnih, neto-pozitivnih podjetni\u0161kih, transverzalnih in trajnostnih ve\u0161\u010din tako trenutnih kot bodo\u010dih kmetijskih delavcev, strokovnjakov, svetovalcev, \u0161tudentov ter visoko\u0161olskih in poklicnih izobra\u017eevalcev na holisti\u010den in meta-inovativen na\u010din, s \u010dimer bodo lahko delovali kot spodbujevalci in posredniki trajnostnega kmetijstva v Evropi in zunaj nje.<\/p>\r\n\r\n\r\n\r\n<p>To sektorsko in medsektorsko zavezni\u0161tvo spodbuja inovacije v izobra\u017eevanju in proizvodnji v kmetijskem sektorju ter \u0161ir\u0161o uporabo oglji\u010dnega kmetovanja kot podnebno prijazne re\u0161itve. To dosega s strate\u0161kim sodelovanjem in izmenjavo znanja med 5 visoko\u0161olskimi in poklicnimi izobra\u017eevalnimi centri, 2 raziskovalnima ustanovama in 10 tr\u017enimi akterji iz sedmih evropskih dr\u017eav, in tako slu\u017ei trajnostnemu kmetijskemu sektorju.<\/p>\r\n\r\n\r\n\r\n<p>C-Farming razvija dva skupna programa usposabljanja: VOOC za kmetijske delavce, podjetja in \u0161tudente ter MOOC za kmetijske strokovnjake in izobra\u017eevalce. Programa sta skladna z evropskimi standardi ECVET\/EQF\/EQAVET in pristopom mikrodokazil.<\/p>\r\n\r\n\r\n\r\n<p>Programa bosta brezpla\u010dno dostopna prek C-Farming Digitalnega u\u010dnega ekosistema, kjer bosta nudila poglobljene u\u010dne izku\u0161nje preko platforme e-u\u010denja in virtualne kmetije. Preko 6 aktivnosti za krepitev kapacitet, 6 kombiniranih in 1 asinhronega pilotnega usposabljanja, 6 u\u010dnih delavnic v \u017eivo in 1 preko spleta se bo 420 osebam izbolj\u0161alo znanje, zapolnilo vrzeli v znanjih in vzpostavilo u\u010dinkovit izobra\u017eevalni sistem za sektor trajnostnega kmetijstva.<\/p>\r\n\r\n\r\n\r\n<p>C-Farming inkubatorji za u\u010denje in poslovanje, vzpostavljeni v vseh 6 dr\u017eavah partnericah, bodo delovali kot popolnoma operativna sredi\u0161\u010da za oglji\u010dno kmetovanje in trajnostno kmetijsko podjetni\u0161tvo, s \u010dimer bodo zagotavljali dolgoro\u010den vpliv projekta<\/p>\r\n\r\n\r\n\r\n<p><\/p>","protected":false},"excerpt":{"rendered":"<p>C-Farming aspires to foster the uptake of the Carbon Farming green business model, by upscaling the green, digital,&nbsp;net positive entrepreneurial, transversal and resilience skills of current and prospective farming practitioners, agriculture professionals, agriculture students and HE\/VET educators, in a holistic and meta-innovative way, enabling them to serve as catalysts and facilitators of agriculture sustainable development [&hellip;]<\/p>","protected":false},"author":1,"featured_media":434,"parent":0,"menu_order":0,"comment_status":"closed","ping_status":"closed","template":"page-about.php","meta":{"footnotes":""},"class_list":["post-50","page","type-page","status-publish","has-post-thumbnail","hentry"],"_links":{"self":[{"href":"https:\/\/cfarming-project.eu\/sl\/wp-json\/wp\/v2\/pages\/50","targetHints":{"allow":["GET"]}}],"collection":[{"href":"https:\/\/cfarming-project.eu\/sl\/wp-json\/wp\/v2\/pages"}],"about":[{"href":"https:\/\/cfarming-project.eu\/sl\/wp-json\/wp\/v2\/types\/page"}],"author":[{"embeddable":true,"href":"https:\/\/cfarming-project.eu\/sl\/wp-json\/wp\/v2\/users\/1"}],"replies":[{"embeddable":true,"href":"https:\/\/cfarming-project.eu\/sl\/wp-json\/wp\/v2\/comments?post=50"}],"version-history":[{"count":3,"href":"https:\/\/cfarming-project.eu\/sl\/wp-json\/wp\/v2\/pages\/50\/revisions"}],"predecessor-version":[{"id":69,"href":"https:\/\/cfarming-project.eu\/sl\/wp-json\/wp\/v2\/pages\/50\/revisions\/69"}],"wp:featuredmedia":[{"embeddable":true,"href":"https:\/\/cfarming-project.eu\/sl\/wp-json\/wp\/v2\/media\/434"}],"wp:attachment":[{"href":"https:\/\/cfarming-project.eu\/sl\/wp-json\/wp\/v2\/media?parent=50"}],"curies":[{"name":"wp","href":"https:\/\/api.w.org\/{rel}","templated":true}]}}