{"id":2,"date":"2025-02-27T00:36:07","date_gmt":"2025-02-27T00:36:07","guid":{"rendered":"https:\/\/cfarming-project.eu\/?page_id=2"},"modified":"2025-03-27T09:03:20","modified_gmt":"2025-03-27T09:03:20","slug":"sample-page","status":"publish","type":"page","link":"https:\/\/cfarming-project.eu\/sl\/","title":{"rendered":"Domov"},"content":{"rendered":"<div data-vc-full-width=\"true\" data-vc-full-width-init=\"false\" data-vc-stretch-content=\"true\" class=\"vc_row wpb_row vc_row-fluid fr-section-main-1 vc_column-gap-10 vc_row-o-equal-height vc_row-o-content-middle vc_row-flex\"><div class=\"fr-section-1 wpb_column vc_column_container vc_col-sm-10 vc_col-has-fill\"><div class=\"vc_column-inner vc_custom_1741703324977\"><div class=\"wpb_wrapper\"><div class=\"vc_row wpb_row vc_inner vc_row-fluid vc_row-o-content-middle vc_row-flex\"><div class=\"wpb_column vc_column_container vc_col-sm-4\/5\"><div class=\"vc_column-inner\"><div class=\"wpb_wrapper\">\n\t<div class=\"wpb_text_column wpb_content_element\" >\n\t\t<div class=\"wpb_wrapper\">\n\t\t\t<h1 style=\"color: #3a5a84;\"><span class=\"OYPEnA font-feature-liga-off font-feature-clig-off font-feature-calt-off text-decoration-none text-strikethrough-none\">O projektu<\/span><\/h1>\n\n\t\t<\/div>\n\t<\/div>\n<\/div><\/div><\/div><div class=\"wpb_column vc_column_container vc_col-sm-1\/5\"><div class=\"vc_column-inner\"><div class=\"wpb_wrapper\">\n\t<div class=\"wpb_text_column wpb_content_element\" >\n\t\t<div class=\"wpb_wrapper\">\n\t\t\t<p style=\"text-align: left;\"><a class=\"main-btn-1\" href=\"\/sl\/about-the-project\/\">Ve\u010d informacij<\/a><\/p>\n\n\t\t<\/div>\n\t<\/div>\n<\/div><\/div><\/div><\/div>\n\t<div class=\"wpb_text_column wpb_content_element\" >\n\t\t<div class=\"wpb_wrapper\">\n\t\t\t<p class=\"cvGsUA direction-ltr align-justify para-style-body\"><span class=\"OYPEnA font-feature-liga-off font-feature-clig-off font-feature-calt-off text-decoration-none text-strikethrough-none\">Projekt \u201cCarbon Farming Alliance (C-FARMING)\u201d je trileten projekt, sofinanciran s strani EU programa Erasmus+ KA2: Sodelovanje med organizacijami in institucijami: Zavezni\u0161tva za inovacije (\u0160tevilka pogodbe: 101187696 \u2013 C-Farming \u2013 ERASMUS-EDU-2024-PI-ALL-INNO).<\/span><\/p>\n<p class=\"cvGsUA direction-ltr align-justify para-style-body\"><span class=\"OYPEnA font-feature-liga-off font-feature-clig-off font-feature-calt-off text-decoration-none text-strikethrough-none\">Projekt C-Farming spodbuja razvoj zelenega poslovnega modela oglji\u010dnega kmetovanja z nadgradnjo zelenih, digitalnih, neto-pozitivnih podjetni\u0161kih, transverzalnih in trajnostnih ve\u0161\u010din tako trenutnih kot bodo\u010dih kmetovalcev, kmetijskih strokovnjakov, svetovalcev, \u0161tudentov in izobra\u017eevalcev v visokem in poklicnem izobra\u017eevanju na holisti\u010den ter meta-inovativen na\u010din, s \u010dimer bodo lahko delovali kot spodbujevalci in posredniki trajnostnega kmetijstva v Evropi in zunaj nje.<\/span><\/p>\n\n\t\t<\/div>\n\t<\/div>\n<\/div><\/div><\/div><div class=\"fr-section-div-img wpb_column vc_column_container vc_col-sm-2 vc_hidden-md vc_hidden-sm vc_hidden-xs vc_col-has-fill\"><div class=\"vc_column-inner vc_custom_1742492289076\"><div class=\"wpb_wrapper\"><\/div><\/div><\/div><\/div><div class=\"vc_row-full-width vc_clearfix\"><\/div><div class=\"vc_row wpb_row vc_row-fluid fr-section-main-2 vc_custom_1741769767699 vc_row-has-fill vc_column-gap-10 vc_row-o-content-middle vc_row-flex\"><div class=\"wpb_column vc_column_container vc_col-sm-12\"><div class=\"vc_column-inner\"><div class=\"wpb_wrapper\"><div class=\"vc_row wpb_row vc_inner vc_row-fluid vc_row-o-content-middle vc_row-flex\"><div class=\"wpb_column vc_column_container vc_col-sm-10\"><div class=\"vc_column-inner\"><div class=\"wpb_wrapper\">\n\t<div class=\"wpb_text_column wpb_content_element\" >\n\t\t<div class=\"wpb_wrapper\">\n\t\t\t<h1 style=\"color: #3a5a84;\"><span class=\"OYPEnA font-feature-liga-off font-feature-clig-off font-feature-calt-off text-decoration-none text-strikethrough-none\">Novice in dogodki<\/span><\/h1>\n\n\t\t<\/div>\n\t<\/div>\n<\/div><\/div><\/div><div class=\"wpb_column vc_column_container vc_col-sm-2\"><div class=\"vc_column-inner\"><div class=\"wpb_wrapper\">\n\t<div class=\"wpb_text_column wpb_content_element\" >\n\t\t<div class=\"wpb_wrapper\">\n\t\t\t<p style=\"text-align: left;\"><a class=\"main-btn-2\">Vse novice<\/a><\/p>\n\n\t\t<\/div>\n\t<\/div>\n<\/div><\/div><\/div><\/div><\/div><\/div><\/div><\/div><div class=\"vc_row wpb_row vc_row-fluid\"><div class=\"wpb_column vc_column_container vc_col-sm-12\"><div class=\"vc_column-inner\"><div class=\"wpb_wrapper\">\n\t<div class=\"wpb_text_column wpb_content_element\" >\n\t\t<div class=\"wpb_wrapper\">\n\t\t\t<h1 style=\"color: #3a5a84;\"><span class=\"OYPEnA font-feature-liga-off font-feature-clig-off font-feature-calt-off text-decoration-none text-strikethrough-none\">Partnerji<\/span><\/h1>\n\n\t\t<\/div>\n\t<\/div>\n<div class=\"vc_row wpb_row vc_inner vc_row-fluid vc_row-o-equal-height vc_row-o-content-middle vc_row-flex\"><div class=\"wpb_column vc_column_container vc_col-sm-2\"><div class=\"vc_column-inner\"><div class=\"wpb_wrapper\">\n\t<div  class=\"wpb_single_image wpb_content_element vc_align_center\">\n\t\t\n\t\t<figure class=\"wpb_wrapper vc_figure\">\n\t\t\t<a href=\"https:\/\/ecaf.org\/\" target=\"_self\" class=\"vc_single_image-wrapper   vc_box_border_grey\"><img loading=\"lazy\" decoding=\"async\" width=\"1772\" height=\"1181\" src=\"https:\/\/cfarming-project.eu\/wp-content\/uploads\/2025\/03\/1.-logo_ecaf.png\" class=\"vc_single_image-img attachment-full\" alt=\"\" title=\"1. logo_ecaf\" srcset=\"https:\/\/cfarming-project.eu\/wp-content\/uploads\/2025\/03\/1.-logo_ecaf.png 1772w, https:\/\/cfarming-project.eu\/wp-content\/uploads\/2025\/03\/1.-logo_ecaf-300x200.png 300w, https:\/\/cfarming-project.eu\/wp-content\/uploads\/2025\/03\/1.-logo_ecaf-1024x682.png 1024w, https:\/\/cfarming-project.eu\/wp-content\/uploads\/2025\/03\/1.-logo_ecaf-768x512.png 768w, https:\/\/cfarming-project.eu\/wp-content\/uploads\/2025\/03\/1.-logo_ecaf-1536x1024.png 1536w\" sizes=\"auto, (max-width: 1772px) 100vw, 1772px\" \/><\/a>\n\t\t<\/figure>\n\t<\/div>\n<\/div><\/div><\/div><div class=\"wpb_column vc_column_container vc_col-sm-2\"><div class=\"vc_column-inner\"><div class=\"wpb_wrapper\">\n\t<div  class=\"wpb_single_image wpb_content_element vc_align_center\">\n\t\t\n\t\t<figure class=\"wpb_wrapper vc_figure\">\n\t\t\t<a href=\"https:\/\/www.elgo.gr\/\" target=\"_self\" class=\"vc_single_image-wrapper   vc_box_border_grey\"><img loading=\"lazy\" decoding=\"async\" width=\"596\" height=\"596\" src=\"https:\/\/cfarming-project.eu\/wp-content\/uploads\/2025\/03\/2.-ELGO.-LOGO-EN-.jpg\" class=\"vc_single_image-img attachment-full\" alt=\"\" title=\"2. ELGO. LOGO EN\" srcset=\"https:\/\/cfarming-project.eu\/wp-content\/uploads\/2025\/03\/2.-ELGO.-LOGO-EN-.jpg 596w, https:\/\/cfarming-project.eu\/wp-content\/uploads\/2025\/03\/2.-ELGO.-LOGO-EN--300x300.jpg 300w, https:\/\/cfarming-project.eu\/wp-content\/uploads\/2025\/03\/2.-ELGO.-LOGO-EN--150x150.jpg 150w\" sizes=\"auto, (max-width: 596px) 100vw, 596px\" \/><\/a>\n\t\t<\/figure>\n\t<\/div>\n<\/div><\/div><\/div><div class=\"wpb_column vc_column_container vc_col-sm-2\"><div class=\"vc_column-inner\"><div class=\"wpb_wrapper\">\n\t<div  class=\"wpb_single_image wpb_content_element vc_align_center\">\n\t\t\n\t\t<figure class=\"wpb_wrapper vc_figure\">\n\t\t\t<a href=\"https:\/\/ibo.certh.gr\/\" target=\"_self\" class=\"vc_single_image-wrapper   vc_box_border_grey\"><img loading=\"lazy\" decoding=\"async\" width=\"1803\" height=\"1057\" src=\"https:\/\/cfarming-project.eu\/wp-content\/uploads\/2025\/03\/3.-ibo-certh-logo.png\" class=\"vc_single_image-img attachment-full\" alt=\"\" title=\"3. ibo-certh logo\" srcset=\"https:\/\/cfarming-project.eu\/wp-content\/uploads\/2025\/03\/3.-ibo-certh-logo.png 1803w, https:\/\/cfarming-project.eu\/wp-content\/uploads\/2025\/03\/3.-ibo-certh-logo-300x176.png 300w, https:\/\/cfarming-project.eu\/wp-content\/uploads\/2025\/03\/3.-ibo-certh-logo-1024x600.png 1024w, https:\/\/cfarming-project.eu\/wp-content\/uploads\/2025\/03\/3.-ibo-certh-logo-768x450.png 768w, https:\/\/cfarming-project.eu\/wp-content\/uploads\/2025\/03\/3.-ibo-certh-logo-1536x900.png 1536w\" sizes=\"auto, (max-width: 1803px) 100vw, 1803px\" \/><\/a>\n\t\t<\/figure>\n\t<\/div>\n<\/div><\/div><\/div><div class=\"wpb_column vc_column_container vc_col-sm-2\"><div class=\"vc_column-inner\"><div class=\"wpb_wrapper\">\n\t<div  class=\"wpb_single_image wpb_content_element vc_align_center\">\n\t\t\n\t\t<figure class=\"wpb_wrapper vc_figure\">\n\t\t\t<a href=\"https:\/\/www.confagricoltura.it\/eng\/\" target=\"_self\" class=\"vc_single_image-wrapper   vc_box_border_grey\"><img loading=\"lazy\" decoding=\"async\" width=\"1034\" height=\"210\" src=\"https:\/\/cfarming-project.eu\/wp-content\/uploads\/2025\/03\/4.-LogoConfagricoltura_P356_P123-1.png\" class=\"vc_single_image-img attachment-full\" alt=\"\" title=\"4.-LogoConfagricoltura_P356_P123\" srcset=\"https:\/\/cfarming-project.eu\/wp-content\/uploads\/2025\/03\/4.-LogoConfagricoltura_P356_P123-1.png 1034w, https:\/\/cfarming-project.eu\/wp-content\/uploads\/2025\/03\/4.-LogoConfagricoltura_P356_P123-1-300x61.png 300w, https:\/\/cfarming-project.eu\/wp-content\/uploads\/2025\/03\/4.-LogoConfagricoltura_P356_P123-1-1024x208.png 1024w, https:\/\/cfarming-project.eu\/wp-content\/uploads\/2025\/03\/4.-LogoConfagricoltura_P356_P123-1-768x156.png 768w, https:\/\/cfarming-project.eu\/wp-content\/uploads\/2025\/03\/4.-LogoConfagricoltura_P356_P123-1-18x4.png 18w\" sizes=\"auto, (max-width: 1034px) 100vw, 1034px\" \/><\/a>\n\t\t<\/figure>\n\t<\/div>\n<\/div><\/div><\/div><div class=\"wpb_column vc_column_container vc_col-sm-2\"><div class=\"vc_column-inner\"><div class=\"wpb_wrapper\">\n\t<div  class=\"wpb_single_image wpb_content_element vc_align_center\">\n\t\t\n\t\t<figure class=\"wpb_wrapper vc_figure\">\n\t\t\t<a href=\"https:\/\/www.landsrl.com\/en\/\" target=\"_self\" class=\"vc_single_image-wrapper   vc_box_border_grey\"><img loading=\"lazy\" decoding=\"async\" width=\"960\" height=\"540\" src=\"https:\/\/cfarming-project.eu\/wp-content\/uploads\/2025\/03\/5.-LAND.-logo-land-white-1-1.png\" class=\"vc_single_image-img attachment-full\" alt=\"\" title=\"5.-LAND.-logo-land-white-1\" srcset=\"https:\/\/cfarming-project.eu\/wp-content\/uploads\/2025\/03\/5.-LAND.-logo-land-white-1-1.png 960w, https:\/\/cfarming-project.eu\/wp-content\/uploads\/2025\/03\/5.-LAND.-logo-land-white-1-1-300x169.png 300w, https:\/\/cfarming-project.eu\/wp-content\/uploads\/2025\/03\/5.-LAND.-logo-land-white-1-1-768x432.png 768w, https:\/\/cfarming-project.eu\/wp-content\/uploads\/2025\/03\/5.-LAND.-logo-land-white-1-1-18x10.png 18w\" sizes=\"auto, (max-width: 960px) 100vw, 960px\" \/><\/a>\n\t\t<\/figure>\n\t<\/div>\n<\/div><\/div><\/div><div class=\"wpb_column vc_column_container vc_col-sm-2\"><div class=\"vc_column-inner\"><div class=\"wpb_wrapper\">\n\t<div  class=\"wpb_single_image wpb_content_element vc_align_center\">\n\t\t\n\t\t<figure class=\"wpb_wrapper vc_figure\">\n\t\t\t<a href=\"https:\/\/en.iung.pl\/\" target=\"_self\" class=\"vc_single_image-wrapper   vc_box_border_grey\"><img loading=\"lazy\" decoding=\"async\" width=\"719\" height=\"130\" src=\"https:\/\/cfarming-project.eu\/wp-content\/uploads\/2025\/03\/18.-IUNG_rozwiniety_EN-bez-tla-1.png\" class=\"vc_single_image-img attachment-full\" alt=\"\" title=\"18.-IUNG_rozwiniety_EN-bez-tla\" srcset=\"https:\/\/cfarming-project.eu\/wp-content\/uploads\/2025\/03\/18.-IUNG_rozwiniety_EN-bez-tla-1.png 719w, https:\/\/cfarming-project.eu\/wp-content\/uploads\/2025\/03\/18.-IUNG_rozwiniety_EN-bez-tla-1-300x54.png 300w, https:\/\/cfarming-project.eu\/wp-content\/uploads\/2025\/03\/18.-IUNG_rozwiniety_EN-bez-tla-1-18x3.png 18w\" sizes=\"auto, (max-width: 719px) 100vw, 719px\" \/><\/a>\n\t\t<\/figure>\n\t<\/div>\n<\/div><\/div><\/div><\/div><div class=\"vc_row wpb_row vc_inner vc_row-fluid vc_row-o-equal-height vc_row-o-content-middle vc_row-flex\"><div class=\"wpb_column vc_column_container vc_col-sm-2\"><div class=\"vc_column-inner\"><div class=\"wpb_wrapper\">\n\t<div  class=\"wpb_single_image wpb_content_element vc_align_center\">\n\t\t\n\t\t<figure class=\"wpb_wrapper vc_figure\">\n\t\t\t<a href=\"https:\/\/www.lodr.pl\/\" target=\"_self\" class=\"vc_single_image-wrapper   vc_box_border_grey\"><img loading=\"lazy\" decoding=\"async\" width=\"1080\" height=\"1080\" src=\"https:\/\/cfarming-project.eu\/wp-content\/uploads\/2025\/03\/7.-LODR.webp\" class=\"vc_single_image-img attachment-full\" alt=\"\" title=\"7. LODR\" srcset=\"https:\/\/cfarming-project.eu\/wp-content\/uploads\/2025\/03\/7.-LODR.webp 1080w, https:\/\/cfarming-project.eu\/wp-content\/uploads\/2025\/03\/7.-LODR-300x300.webp 300w, https:\/\/cfarming-project.eu\/wp-content\/uploads\/2025\/03\/7.-LODR-1024x1024.webp 1024w, https:\/\/cfarming-project.eu\/wp-content\/uploads\/2025\/03\/7.-LODR-150x150.webp 150w, https:\/\/cfarming-project.eu\/wp-content\/uploads\/2025\/03\/7.-LODR-768x768.webp 768w, https:\/\/cfarming-project.eu\/wp-content\/uploads\/2025\/03\/7.-LODR-12x12.webp 12w\" sizes=\"auto, (max-width: 1080px) 100vw, 1080px\" \/><\/a>\n\t\t<\/figure>\n\t<\/div>\n<\/div><\/div><\/div><div class=\"wpb_column vc_column_container vc_col-sm-2\"><div class=\"vc_column-inner\"><div class=\"wpb_wrapper\">\n\t<div  class=\"wpb_single_image wpb_content_element vc_align_center\">\n\t\t\n\t\t<figure class=\"wpb_wrapper vc_figure\">\n\t\t\t<a href=\"https:\/\/pi4sd.com\/\" target=\"_self\" class=\"vc_single_image-wrapper   vc_box_border_grey\"><img loading=\"lazy\" decoding=\"async\" width=\"684\" height=\"278\" src=\"https:\/\/cfarming-project.eu\/wp-content\/uploads\/2025\/03\/8.-PI4SD_Logo_png.png\" class=\"vc_single_image-img attachment-full\" alt=\"\" title=\"8. PI4SD_Logo_png\" srcset=\"https:\/\/cfarming-project.eu\/wp-content\/uploads\/2025\/03\/8.-PI4SD_Logo_png.png 684w, https:\/\/cfarming-project.eu\/wp-content\/uploads\/2025\/03\/8.-PI4SD_Logo_png-300x122.png 300w\" sizes=\"auto, (max-width: 684px) 100vw, 684px\" \/><\/a>\n\t\t<\/figure>\n\t<\/div>\n<\/div><\/div><\/div><div class=\"wpb_column vc_column_container vc_col-sm-2\"><div class=\"vc_column-inner\"><div class=\"wpb_wrapper\">\n\t<div  class=\"wpb_single_image wpb_content_element vc_align_center\">\n\t\t\n\t\t<figure class=\"wpb_wrapper vc_figure\">\n\t\t\t<a href=\"https:\/\/read-lab.eu\/\" target=\"_self\" class=\"vc_single_image-wrapper   vc_box_border_grey\"><img loading=\"lazy\" decoding=\"async\" width=\"13992\" height=\"3521\" src=\"https:\/\/cfarming-project.eu\/wp-content\/uploads\/2025\/03\/9.-LOGO-READLAB-HIGH-RESOLUTION.png\" class=\"vc_single_image-img attachment-full\" alt=\"\" title=\"9. LOGO-READLAB-HIGH-RESOLUTION\" srcset=\"https:\/\/cfarming-project.eu\/wp-content\/uploads\/2025\/03\/9.-LOGO-READLAB-HIGH-RESOLUTION.png 13992w, https:\/\/cfarming-project.eu\/wp-content\/uploads\/2025\/03\/9.-LOGO-READLAB-HIGH-RESOLUTION-300x75.png 300w, https:\/\/cfarming-project.eu\/wp-content\/uploads\/2025\/03\/9.-LOGO-READLAB-HIGH-RESOLUTION-1024x258.png 1024w, https:\/\/cfarming-project.eu\/wp-content\/uploads\/2025\/03\/9.-LOGO-READLAB-HIGH-RESOLUTION-768x193.png 768w, https:\/\/cfarming-project.eu\/wp-content\/uploads\/2025\/03\/9.-LOGO-READLAB-HIGH-RESOLUTION-1536x387.png 1536w, https:\/\/cfarming-project.eu\/wp-content\/uploads\/2025\/03\/9.-LOGO-READLAB-HIGH-RESOLUTION-2048x515.png 2048w\" sizes=\"auto, (max-width: 13992px) 100vw, 13992px\" \/><\/a>\n\t\t<\/figure>\n\t<\/div>\n<\/div><\/div><\/div><div class=\"wpb_column vc_column_container vc_col-sm-2\"><div class=\"vc_column-inner\"><div class=\"wpb_wrapper\">\n\t<div  class=\"wpb_single_image wpb_content_element vc_align_center\">\n\t\t\n\t\t<figure class=\"wpb_wrapper vc_figure\">\n\t\t\t<a href=\"https:\/\/brussels.read-lab.eu\/\" target=\"_self\" class=\"vc_single_image-wrapper   vc_box_border_grey\"><img loading=\"lazy\" decoding=\"async\" width=\"567\" height=\"127\" src=\"https:\/\/cfarming-project.eu\/wp-content\/uploads\/2025\/03\/10.-FINAL-READLAB-Brussels-TRNSP-1.png\" class=\"vc_single_image-img attachment-full\" alt=\"\" title=\"10. FINAL READLAB Brussels TRNSP 1\" srcset=\"https:\/\/cfarming-project.eu\/wp-content\/uploads\/2025\/03\/10.-FINAL-READLAB-Brussels-TRNSP-1.png 567w, https:\/\/cfarming-project.eu\/wp-content\/uploads\/2025\/03\/10.-FINAL-READLAB-Brussels-TRNSP-1-300x67.png 300w\" sizes=\"auto, (max-width: 567px) 100vw, 567px\" \/><\/a>\n\t\t<\/figure>\n\t<\/div>\n<\/div><\/div><\/div><div class=\"wpb_column vc_column_container vc_col-sm-2\"><div class=\"vc_column-inner\"><div class=\"wpb_wrapper\">\n\t<div  class=\"wpb_single_image wpb_content_element vc_align_center\">\n\t\t\n\t\t<figure class=\"wpb_wrapper vc_figure\">\n\t\t\t<a href=\"https:\/\/www.cosvitec.eu\/en\/home\/\" target=\"_self\" class=\"vc_single_image-wrapper   vc_box_border_grey\"><img loading=\"lazy\" decoding=\"async\" width=\"1309\" height=\"455\" src=\"https:\/\/cfarming-project.eu\/wp-content\/uploads\/2025\/03\/11.-Logo-Cosvitec-vect.png\" class=\"vc_single_image-img attachment-full\" alt=\"\" title=\"11. Logo Cosvitec vect\" srcset=\"https:\/\/cfarming-project.eu\/wp-content\/uploads\/2025\/03\/11.-Logo-Cosvitec-vect.png 1309w, https:\/\/cfarming-project.eu\/wp-content\/uploads\/2025\/03\/11.-Logo-Cosvitec-vect-300x104.png 300w, https:\/\/cfarming-project.eu\/wp-content\/uploads\/2025\/03\/11.-Logo-Cosvitec-vect-1024x356.png 1024w, https:\/\/cfarming-project.eu\/wp-content\/uploads\/2025\/03\/11.-Logo-Cosvitec-vect-768x267.png 768w\" sizes=\"auto, (max-width: 1309px) 100vw, 1309px\" \/><\/a>\n\t\t<\/figure>\n\t<\/div>\n<\/div><\/div><\/div><div class=\"wpb_column vc_column_container vc_col-sm-2\"><div class=\"vc_column-inner\"><div class=\"wpb_wrapper\">\n\t<div  class=\"wpb_single_image wpb_content_element vc_align_center\">\n\t\t\n\t\t<figure class=\"wpb_wrapper vc_figure\">\n\t\t\t<a href=\"https:\/\/www.eitfood.eu\/\" target=\"_self\" class=\"vc_single_image-wrapper   vc_box_border_grey\"><img loading=\"lazy\" decoding=\"async\" width=\"530\" height=\"300\" src=\"https:\/\/cfarming-project.eu\/wp-content\/uploads\/2025\/03\/12.-EITFOOD-Logo-transparent.png\" class=\"vc_single_image-img attachment-full\" alt=\"\" title=\"12. EITFOOD Logo transparent\" srcset=\"https:\/\/cfarming-project.eu\/wp-content\/uploads\/2025\/03\/12.-EITFOOD-Logo-transparent.png 530w, https:\/\/cfarming-project.eu\/wp-content\/uploads\/2025\/03\/12.-EITFOOD-Logo-transparent-300x170.png 300w\" sizes=\"auto, (max-width: 530px) 100vw, 530px\" \/><\/a>\n\t\t<\/figure>\n\t<\/div>\n<\/div><\/div><\/div><\/div><div class=\"vc_row wpb_row vc_inner vc_row-fluid vc_row-o-equal-height vc_row-o-content-middle vc_row-flex\"><div class=\"wpb_column vc_column_container vc_col-sm-2\"><div class=\"vc_column-inner\"><div class=\"wpb_wrapper\">\n\t<div  class=\"wpb_single_image wpb_content_element vc_align_center\">\n\t\t\n\t\t<figure class=\"wpb_wrapper vc_figure\">\n\t\t\t<a href=\"https:\/\/bc-naklo.si\/\" target=\"_self\" class=\"vc_single_image-wrapper   vc_box_border_grey\"><img loading=\"lazy\" decoding=\"async\" width=\"2187\" height=\"977\" src=\"https:\/\/cfarming-project.eu\/wp-content\/uploads\/2025\/03\/13.-BCNaklo.png\" class=\"vc_single_image-img attachment-full\" alt=\"\" title=\"13. BCNaklo\" srcset=\"https:\/\/cfarming-project.eu\/wp-content\/uploads\/2025\/03\/13.-BCNaklo.png 2187w, https:\/\/cfarming-project.eu\/wp-content\/uploads\/2025\/03\/13.-BCNaklo-300x134.png 300w, https:\/\/cfarming-project.eu\/wp-content\/uploads\/2025\/03\/13.-BCNaklo-1024x457.png 1024w, https:\/\/cfarming-project.eu\/wp-content\/uploads\/2025\/03\/13.-BCNaklo-768x343.png 768w, https:\/\/cfarming-project.eu\/wp-content\/uploads\/2025\/03\/13.-BCNaklo-1536x686.png 1536w, https:\/\/cfarming-project.eu\/wp-content\/uploads\/2025\/03\/13.-BCNaklo-2048x915.png 2048w\" sizes=\"auto, (max-width: 2187px) 100vw, 2187px\" \/><\/a>\n\t\t<\/figure>\n\t<\/div>\n<\/div><\/div><\/div><div class=\"wpb_column vc_column_container vc_col-sm-2\"><div class=\"vc_column-inner\"><div class=\"wpb_wrapper\">\n\t<div  class=\"wpb_single_image wpb_content_element vc_align_center\">\n\t\t\n\t\t<figure class=\"wpb_wrapper vc_figure\">\n\t\t\t<a href=\"https:\/\/www.ohranitveno-kmetijstvo.si\/\" target=\"_self\" class=\"vc_single_image-wrapper   vc_box_border_grey\"><img loading=\"lazy\" decoding=\"async\" width=\"1080\" height=\"1080\" src=\"https:\/\/cfarming-project.eu\/wp-content\/uploads\/2025\/03\/14-rescaled-szok.png\" class=\"vc_single_image-img attachment-full\" alt=\"\" title=\"14-rescaled-szok\" srcset=\"https:\/\/cfarming-project.eu\/wp-content\/uploads\/2025\/03\/14-rescaled-szok.png 1080w, https:\/\/cfarming-project.eu\/wp-content\/uploads\/2025\/03\/14-rescaled-szok-300x300.png 300w, https:\/\/cfarming-project.eu\/wp-content\/uploads\/2025\/03\/14-rescaled-szok-1024x1024.png 1024w, https:\/\/cfarming-project.eu\/wp-content\/uploads\/2025\/03\/14-rescaled-szok-150x150.png 150w, https:\/\/cfarming-project.eu\/wp-content\/uploads\/2025\/03\/14-rescaled-szok-768x768.png 768w, https:\/\/cfarming-project.eu\/wp-content\/uploads\/2025\/03\/14-rescaled-szok-12x12.png 12w\" sizes=\"auto, (max-width: 1080px) 100vw, 1080px\" \/><\/a>\n\t\t<\/figure>\n\t<\/div>\n<\/div><\/div><\/div><div class=\"wpb_column vc_column_container vc_col-sm-2\"><div class=\"vc_column-inner\"><div class=\"wpb_wrapper\">\n\t<div  class=\"wpb_single_image wpb_content_element vc_align_center\">\n\t\t\n\t\t<figure class=\"wpb_wrapper vc_figure\">\n\t\t\t<a href=\"https:\/\/www.uni-lj.si\/en\/university\" target=\"_self\" class=\"vc_single_image-wrapper   vc_box_border_grey\"><img loading=\"lazy\" decoding=\"async\" width=\"824\" height=\"499\" src=\"https:\/\/cfarming-project.eu\/wp-content\/uploads\/2025\/03\/15.UL-BF-logo.png\" class=\"vc_single_image-img attachment-full\" alt=\"\" title=\"15.UL-BF-logo\" srcset=\"https:\/\/cfarming-project.eu\/wp-content\/uploads\/2025\/03\/15.UL-BF-logo.png 824w, https:\/\/cfarming-project.eu\/wp-content\/uploads\/2025\/03\/15.UL-BF-logo-300x182.png 300w, https:\/\/cfarming-project.eu\/wp-content\/uploads\/2025\/03\/15.UL-BF-logo-768x465.png 768w\" sizes=\"auto, (max-width: 824px) 100vw, 824px\" \/><\/a>\n\t\t<\/figure>\n\t<\/div>\n<\/div><\/div><\/div><div class=\"wpb_column vc_column_container vc_col-sm-2\"><div class=\"vc_column-inner\"><div class=\"wpb_wrapper\">\n\t<div  class=\"wpb_single_image wpb_content_element vc_align_center\">\n\t\t\n\t\t<figure class=\"wpb_wrapper vc_figure\">\n\t\t\t<a href=\"https:\/\/international.au.dk\/\" target=\"_self\" class=\"vc_single_image-wrapper   vc_box_border_grey\"><img loading=\"lazy\" decoding=\"async\" width=\"2560\" height=\"1130\" src=\"https:\/\/cfarming-project.eu\/wp-content\/uploads\/2025\/03\/16.Aarhus_University_logo.svg_.png\" class=\"vc_single_image-img attachment-full\" alt=\"\" title=\"16.Aarhus_University_logo.svg\" srcset=\"https:\/\/cfarming-project.eu\/wp-content\/uploads\/2025\/03\/16.Aarhus_University_logo.svg_.png 2560w, https:\/\/cfarming-project.eu\/wp-content\/uploads\/2025\/03\/16.Aarhus_University_logo.svg_-300x132.png 300w, https:\/\/cfarming-project.eu\/wp-content\/uploads\/2025\/03\/16.Aarhus_University_logo.svg_-1024x452.png 1024w, https:\/\/cfarming-project.eu\/wp-content\/uploads\/2025\/03\/16.Aarhus_University_logo.svg_-768x339.png 768w, https:\/\/cfarming-project.eu\/wp-content\/uploads\/2025\/03\/16.Aarhus_University_logo.svg_-1536x678.png 1536w, https:\/\/cfarming-project.eu\/wp-content\/uploads\/2025\/03\/16.Aarhus_University_logo.svg_-2048x904.png 2048w\" sizes=\"auto, (max-width: 2560px) 100vw, 2560px\" \/><\/a>\n\t\t<\/figure>\n\t<\/div>\n<\/div><\/div><\/div><div class=\"wpb_column vc_column_container vc_col-sm-2\"><div class=\"vc_column-inner\"><div class=\"wpb_wrapper\">\n\t<div  class=\"wpb_single_image wpb_content_element vc_align_center\">\n\t\t\n\t\t<figure class=\"wpb_wrapper vc_figure\">\n\t\t\t<a href=\"https:\/\/www.acquin.org\/en\/\" target=\"_self\" class=\"vc_single_image-wrapper   vc_box_border_grey\"><img loading=\"lazy\" decoding=\"async\" width=\"877\" height=\"252\" src=\"https:\/\/cfarming-project.eu\/wp-content\/uploads\/2025\/03\/17.Logo_ACQUIN_Claim_4c_300dpi-1.jpg\" class=\"vc_single_image-img attachment-full\" alt=\"\" title=\"17.Logo_ACQUIN_Claim_4c_300dpi\" srcset=\"https:\/\/cfarming-project.eu\/wp-content\/uploads\/2025\/03\/17.Logo_ACQUIN_Claim_4c_300dpi-1.jpg 877w, https:\/\/cfarming-project.eu\/wp-content\/uploads\/2025\/03\/17.Logo_ACQUIN_Claim_4c_300dpi-1-300x86.jpg 300w, https:\/\/cfarming-project.eu\/wp-content\/uploads\/2025\/03\/17.Logo_ACQUIN_Claim_4c_300dpi-1-768x221.jpg 768w, https:\/\/cfarming-project.eu\/wp-content\/uploads\/2025\/03\/17.Logo_ACQUIN_Claim_4c_300dpi-1-18x5.jpg 18w\" sizes=\"auto, (max-width: 877px) 100vw, 877px\" \/><\/a>\n\t\t<\/figure>\n\t<\/div>\n<\/div><\/div><\/div><div class=\"wpb_column vc_column_container vc_col-sm-2\"><div class=\"vc_column-inner\"><div class=\"wpb_wrapper\"><\/div><\/div><\/div><\/div><\/div><\/div><\/div><\/div><div class=\"vc_row wpb_row vc_row-fluid\"><div class=\"wpb_column vc_column_container vc_col-sm-12\"><div class=\"vc_column-inner\"><div class=\"wpb_wrapper\"><\/div><\/div><\/div><\/div>","protected":false},"excerpt":{"rendered":"About the Project Learn More The project \u201cCarbon Farming Alliance (C-FARMING) \u201d is is a three-year project co-funded by the European Union under Erasmus+ Programme, KA2: Cooperation Among Organizations and Institutions: Alliances for Innovation (Agreement Number: 101187696 \u2014 C-Farming \u2014 ERASMUS-EDU-2024-PI-ALL-INNO). C-Farming aspires to foster the uptake of the Carbon Farming green business model, by [...]","protected":false},"author":1,"featured_media":0,"parent":0,"menu_order":0,"comment_status":"closed","ping_status":"open","template":"","meta":{"footnotes":""},"class_list":["post-2","page","type-page","status-publish","hentry"],"_links":{"self":[{"href":"https:\/\/cfarming-project.eu\/sl\/wp-json\/wp\/v2\/pages\/2","targetHints":{"allow":["GET"]}}],"collection":[{"href":"https:\/\/cfarming-project.eu\/sl\/wp-json\/wp\/v2\/pages"}],"about":[{"href":"https:\/\/cfarming-project.eu\/sl\/wp-json\/wp\/v2\/types\/page"}],"author":[{"embeddable":true,"href":"https:\/\/cfarming-project.eu\/sl\/wp-json\/wp\/v2\/users\/1"}],"replies":[{"embeddable":true,"href":"https:\/\/cfarming-project.eu\/sl\/wp-json\/wp\/v2\/comments?post=2"}],"version-history":[{"count":95,"href":"https:\/\/cfarming-project.eu\/sl\/wp-json\/wp\/v2\/pages\/2\/revisions"}],"predecessor-version":[{"id":446,"href":"https:\/\/cfarming-project.eu\/sl\/wp-json\/wp\/v2\/pages\/2\/revisions\/446"}],"wp:attachment":[{"href":"https:\/\/cfarming-project.eu\/sl\/wp-json\/wp\/v2\/media?parent=2"}],"curies":[{"name":"wp","href":"https:\/\/api.w.org\/{rel}","templated":true}]}}