{"id":14,"date":"2025-02-27T03:08:25","date_gmt":"2025-02-27T03:08:25","guid":{"rendered":"https:\/\/cfarming-project.eu\/?page_id=14"},"modified":"2025-03-14T09:27:30","modified_gmt":"2025-03-14T09:27:30","slug":"digital-learning-ecosystem","status":"publish","type":"page","link":"https:\/\/cfarming-project.eu\/sl\/digital-learning-ecosystem\/","title":{"rendered":"Digitalni u\u010dni ekosistem"},"content":{"rendered":"<div class=\"vc_row wpb_row vc_row-fluid\"><div class=\"wpb_column vc_column_container vc_col-sm-12 vc_col-lg-offset-1 vc_col-lg-11\"><div class=\"vc_column-inner\"><div class=\"wpb_wrapper\">\n\t<div class=\"wpb_text_column wpb_content_element\" >\n\t\t<div class=\"wpb_wrapper\">\n\t\t\t<h1 style=\"text-align: left; font-size: 50px; color: #99a49d;\">Digitalni u\u010dni ekosistem<\/h1>\n\n\t\t<\/div>\n\t<\/div>\n<\/div><\/div><\/div><\/div><div class=\"vc_row wpb_row vc_row-fluid\"><div class=\"digital-text wpb_column vc_column_container vc_col-sm-12 vc_col-lg-offset-1 vc_col-lg-10\"><div class=\"vc_column-inner\"><div class=\"wpb_wrapper\">\n\t<div class=\"wpb_text_column wpb_content_element\" >\n\t\t<div class=\"wpb_wrapper\">\n\t\t\t<p>C-Farming digitalni u\u010dni ekosistem bo nudil inteligentno, odzivno in prilagodljivo u\u010dno okolje, ki bo temeljilo na resni\u010dnih delovnih primerih (u\u010denje na podlagi primerov), da bi udele\u017eenci pridobili prakti\u010dne izku\u0161nje skozi u\u010denje na delovnem mestu. Sestavljajo ga:<\/p>\n<ul>\n<li class=\"Xp24Nw _bsDhw cgHgbA WvQL9w _4c44Ng\"><strong><span class=\"OYPEnA\">U\u010dna platforma za digitalno u\u010denje (e-u\u010dna platforma)<\/span><\/strong><span class=\"OYPEnA\">, ki bo gostila izobra\u017eevalna programa C-Farming (VOOC, MOOC) tako za program \"izobra\u017eevanja izobra\u017eevalcev\" kot za izobra\u017eevalni program za kmetijske delavce.<\/span><\/li>\n<li class=\"Xp24Nw _bsDhw cgHgbA WvQL9w _4c44Ng\"><span class=\"OYPEnA\"><strong>Virtualna kmetija<\/strong>,<\/span><span class=\"OYPEnA\">\u00a03D WebVR pou\u010dna igra, namenjena po\u010devanju kmetijskih delavcev o tehnikah oglji\u010dnega kmetovanja.<\/span><\/li>\n<li class=\"Xp24Nw _bsDhw cgHgbA WvQL9w _4c44Ng\"><strong><span class=\"OYPEnA\">Skupnost praks\u00a0<\/span><span class=\"OYPEnA\">, vpeljana preko forumov na e-u\u010dni platformi.<\/span><span class=\"OYPEnA\">.<\/span><\/strong><\/li>\n<li class=\"Xp24Nw _bsDhw cgHgbA WvQL9w _4c44Ng\"><strong><span class=\"OYPEnA\">Virtualna knji\u017enica in Zbirka najbolj\u0161ih praks<\/span><\/strong><span class=\"OYPEnA\"><strong>\u00a0<\/strong>bosta slu\u017eili kot samostojna u\u010dna vira, kjer bodo lahko poklicni izobra\u017eevalci in kmetijski delavci poglabljali svoje znanje po lastnem tempu. Virtualna knji\u017enica bo prek enotnega vmesnika zagotavljala u\u010dinkovita orodja za iskanje in pridobivanje informacij, ki bodo uporabnikom pomagala pri navigaciji po obse\u017eni zbirki virov.<\/span><\/li>\n<li class=\"Xp24Nw _bsDhw cgHgbA WvQL9w _4c44Ng\"><strong><span class=\"OYPEnA\">UI klepetalni robot (AI ChatBot)<\/span><\/strong><span class=\"OYPEnA\">bo uporabnikom ekosistema nenehno na voljo za pomo\u010d pri navigaciji. Odgovarjal bo na pogosto zastavljena vpra\u0161anja in uporabnike usmerjal do ustreznih virov.<\/span><\/li>\n<\/ul>\n\n\t\t<\/div>\n\t<\/div>\n<\/div><\/div><\/div><\/div>","protected":false},"excerpt":{"rendered":"Digital Learning Ecosystem The C-Farming Digital Learning Ecosystem, will offer an intelligent, responsive, and adaptive learning environment based on real working cases (case-based learning) for trainees to gain hands-on experience through work-based learning comprises of the: e-Learning Platform, hosting the two C-Farming training programmes (VOOC, MOOC), for both the \"Train-the-trainers\" programme and the training programme [...]","protected":false},"author":1,"featured_media":348,"parent":0,"menu_order":0,"comment_status":"closed","ping_status":"closed","template":"","meta":{"footnotes":""},"class_list":["post-14","page","type-page","status-publish","has-post-thumbnail","hentry"],"_links":{"self":[{"href":"https:\/\/cfarming-project.eu\/sl\/wp-json\/wp\/v2\/pages\/14","targetHints":{"allow":["GET"]}}],"collection":[{"href":"https:\/\/cfarming-project.eu\/sl\/wp-json\/wp\/v2\/pages"}],"about":[{"href":"https:\/\/cfarming-project.eu\/sl\/wp-json\/wp\/v2\/types\/page"}],"author":[{"embeddable":true,"href":"https:\/\/cfarming-project.eu\/sl\/wp-json\/wp\/v2\/users\/1"}],"replies":[{"embeddable":true,"href":"https:\/\/cfarming-project.eu\/sl\/wp-json\/wp\/v2\/comments?post=14"}],"version-history":[{"count":5,"href":"https:\/\/cfarming-project.eu\/sl\/wp-json\/wp\/v2\/pages\/14\/revisions"}],"predecessor-version":[{"id":349,"href":"https:\/\/cfarming-project.eu\/sl\/wp-json\/wp\/v2\/pages\/14\/revisions\/349"}],"wp:featuredmedia":[{"embeddable":true,"href":"https:\/\/cfarming-project.eu\/sl\/wp-json\/wp\/v2\/media\/348"}],"wp:attachment":[{"href":"https:\/\/cfarming-project.eu\/sl\/wp-json\/wp\/v2\/media?parent=14"}],"curies":[{"name":"wp","href":"https:\/\/api.w.org\/{rel}","templated":true}]}}