{"id":50,"date":"2025-02-27T04:38:31","date_gmt":"2025-02-27T04:38:31","guid":{"rendered":"https:\/\/cfarming-project.eu\/?page_id=50"},"modified":"2025-03-21T12:10:52","modified_gmt":"2025-03-21T12:10:52","slug":"about-the-project","status":"publish","type":"page","link":"https:\/\/cfarming-project.eu\/pl\/about-the-project\/","title":{"rendered":"O projekcie"},"content":{"rendered":"<p>C-Farming d\u0105\u017cy do wspierania wdra\u017cania ekologicznego modelu biznesowego rolnictwa w\u0119glowego, poprzez rozw\u00f3j zielonych, cyfrowych, przekrojowych umiej\u0119tno\u015bci przedsi\u0119biorczych w\u015br\u00f3d obecnych i przysz\u0142ych praktyk\u00f3w rolnictwa, specjalist\u00f3w, student\u00f3w i edukator\u00f3w, maj\u0105cych na celu zwi\u0119kszanie odporno\u015bci gospodarstw rolnych i osi\u0105gni\u0119cie zeroemisyjno\u015bci w spos\u00f3b holistyczny i meta-innowacyjny, aby nast\u0119pnie s\u0142u\u017cy\u0107 jako katalizator zr\u00f3wnowa\u017conego rozwoju rolnictwa w Europie i poza jej granicami.<\/p>\r\n\r\n\r\n\r\n<p>Ta sektorowa i mi\u0119dzysektorowa wsp\u00f3\u0142praca ma na celu wspieranie innowacji w procesach edukacji i produkcji w sektorze rolnym, przy jednoczesnym promowaniu wykorzystania rolnictwa w\u0119glowego jako rozwi\u0105zania przyjaznego dla klimatu, poprzez strategiczn\u0105 wsp\u00f3\u0142prac\u0119 i wymian\u0119 wiedzy pomi\u0119dzy 5 o\u015brodkami szkolnictwa wy\u017cszego i zawodowego, 2 instytucjami badawczymi i 10 podmiotami rynku pracy w 7 krajach europejskich.<\/p>\r\n\r\n\r\n\r\n<p>C-Farming opracowuje dwa programy szkoleniowe:  Program Szkoleniowy dla Praktyk\u00f3w rolnictwa (VOOC), student\u00f3w rolnictwa i agrobiznesu oraz Program Szkoleniowy dla Trener\u00f3w (MOOC) dedykowany dla specjalist\u00f3w rolnictwa i nauczycieli szkolnictwa wy\u017cszego i zawodowego, w pe\u0142ni zgodny z Europejskim Systemem Akumulowania i Przenoszenia Osi\u0105gni\u0119\u0107 w Kszta\u0142ceniu i Szkoleniu Zawodowym (ECVET), Europejskimi Ramami Kwalifikacji (EQF), Europejskimi ramami zapewniania jako\u015bci w kszta\u0142ceniu i szkoleniu zawodowym (EQAVET) oraz unijnym podej\u015bciem do mikropo\u015bwiadcze\u0144.<\/p>\r\n\r\n\r\n\r\n<p>Programy te b\u0119d\u0105 dost\u0119pne bezp\u0142atnie za po\u015brednictwem Cyfrowego Ekosystemu Edukacyjnego C-Farming, oferuj\u0105cego materia\u0142y szkoleniowe za po\u015brednictwem platformy e-learningowej i Wirtualnego Gospodarstwa. Dzi\u0119ki 6 dzia\u0142aniom prowadzonym w zakresie budowania potencja\u0142u, 6 mieszanym i 1 asynchronicznemu szkoleniu pilota\u017cowemu, 6 stacjonarnym i 1 internetowym praktycznym warsztatom, 420 beneficjent\u00f3w b\u0119dzie mog\u0142o skorzysta\u0107 z podniesienia kwalifikacji poprzez udzia\u0142 w szkoleniach wype\u0142niaj\u0105cych luki w umiej\u0119tno\u015bciach.<\/p>\r\n\r\n\r\n\r\n<p>Inkubatory nauki i biznesu C-Farming utworzone w 6 krajach partnerskich b\u0119d\u0105 dzia\u0142a\u0107 jako w pe\u0142ni operacyjne punkty kompleksowej obs\u0142ugi w zakresie rolnictwa w\u0119glowego i zr\u00f3wnowa\u017conej przedsi\u0119biorczo\u015bci rolniczej, zapewniaj\u0105c d\u0142ugotrwa\u0142y wp\u0142yw projektu.<\/p>\r\n\r\n\r\n\r\n<p><\/p>","protected":false},"excerpt":{"rendered":"<p>C-Farming aspires to foster the uptake of the Carbon Farming green business model, by upscaling the green, digital,&nbsp;net positive entrepreneurial, transversal and resilience skills of current and prospective farming practitioners, agriculture professionals, agriculture students and HE\/VET educators, in a holistic and meta-innovative way, enabling them to serve as catalysts and facilitators of agriculture sustainable development [&hellip;]<\/p>","protected":false},"author":1,"featured_media":434,"parent":0,"menu_order":0,"comment_status":"closed","ping_status":"closed","template":"page-about.php","meta":{"footnotes":""},"class_list":["post-50","page","type-page","status-publish","has-post-thumbnail","hentry"],"_links":{"self":[{"href":"https:\/\/cfarming-project.eu\/pl\/wp-json\/wp\/v2\/pages\/50","targetHints":{"allow":["GET"]}}],"collection":[{"href":"https:\/\/cfarming-project.eu\/pl\/wp-json\/wp\/v2\/pages"}],"about":[{"href":"https:\/\/cfarming-project.eu\/pl\/wp-json\/wp\/v2\/types\/page"}],"author":[{"embeddable":true,"href":"https:\/\/cfarming-project.eu\/pl\/wp-json\/wp\/v2\/users\/1"}],"replies":[{"embeddable":true,"href":"https:\/\/cfarming-project.eu\/pl\/wp-json\/wp\/v2\/comments?post=50"}],"version-history":[{"count":3,"href":"https:\/\/cfarming-project.eu\/pl\/wp-json\/wp\/v2\/pages\/50\/revisions"}],"predecessor-version":[{"id":69,"href":"https:\/\/cfarming-project.eu\/pl\/wp-json\/wp\/v2\/pages\/50\/revisions\/69"}],"wp:featuredmedia":[{"embeddable":true,"href":"https:\/\/cfarming-project.eu\/pl\/wp-json\/wp\/v2\/media\/434"}],"wp:attachment":[{"href":"https:\/\/cfarming-project.eu\/pl\/wp-json\/wp\/v2\/media?parent=50"}],"curies":[{"name":"wp","href":"https:\/\/api.w.org\/{rel}","templated":true}]}}