{"id":50,"date":"2025-02-27T04:38:31","date_gmt":"2025-02-27T04:38:31","guid":{"rendered":"https:\/\/cfarming-project.eu\/?page_id=50"},"modified":"2025-03-21T12:10:52","modified_gmt":"2025-03-21T12:10:52","slug":"about-the-project","status":"publish","type":"page","link":"https:\/\/cfarming-project.eu\/it\/about-the-project\/","title":{"rendered":"About the Project"},"content":{"rendered":"<p>C-Farming aspira a promuovere l'adozione del modello di business verde del Carbon Farming, potenziando le competenze imprenditoriali, trasversali, digitali, positive e di resilienza, di attuali e futuri operatori agricoli, professionisti dell'agricoltura, studenti di agricoltura ed educatori HE\/VET in modo olistico e meta-innovativo, consentendo loro di fungere da catalizzatori e facilitatori dello sviluppo sostenibile dell'agricoltura in Europa e oltre i suoi confini.<\/p>\r\n\r\n\r\n\r\n<p>Questa alleanza settoriale e intersettoriale mira a promuovere l'innovazione nei processi di istruzione e produzione del settore agricolo, potenziando al contempo l'adozione del carbon farming come soluzione agricola intelligente per il clima, collaborando strategicamente e scambiando conoscenze tra 5 centri di istruzione e formazione superiore e professionale, 2 istituti di ricerca e 10 attori del mercato del lavoro in 7 paesi europei, al servizio del settore agricolo sostenibile.<\/p>\r\n\r\n\r\n\r\n<p>C-Farming sviluppa due programmi di formazione congiunti, il Training Programme (VOOC) per operatori agricoli, aziende agricole e studenti di agraria e il Train-the-Trainers Programme \u2013 Formazione formatori - (MOOC) per professionisti agricoli e docenti VET\/HE, pienamente in linea con ECVET\/EQF\/EQAVET e l'approccio UE Micro-credential.<\/p>\r\n\r\n\r\n\r\n<p>Queste risorse saranno disponibili gratuitamente tramite il C-Farming Digital Learning Ecosystem, offrendo esperienze di apprendimento immersive tramite la piattaforma e-Learning e la Virtual Farm. Attraverso 6 attivit\u00e0 di sviluppo delle capacit\u00e0, 6 corsi di formazione pilota misti e 1 asincrono e 6 attivit\u00e0 di apprendimento in presenza e 1 online basate sul lavoro, 420 beneficiari saranno qualificati\/riqualificati, colmando le lacune di competenze e rafforzando la creazione di un sistema educativo efficace per il settore agricolo sostenibile.<\/p>\r\n\r\n\r\n\r\n<p>Gli incubatori di apprendimento e-business C-Farming, istituiti nei 6 paesi partner, fungeranno da sportelli unici completamente operativi per l'agricoltura del carbonio e l'imprenditorialit\u00e0 agricola sostenibile, garantendo al contempo l'impatto duraturo del progetto.<\/p>\r\n\r\n\r\n\r\n<p><\/p>","protected":false},"excerpt":{"rendered":"<p>C-Farming aspires to foster the uptake of the Carbon Farming green business model, by upscaling the green, digital,&nbsp;net positive entrepreneurial, transversal and resilience skills of current and prospective farming practitioners, agriculture professionals, agriculture students and HE\/VET educators, in a holistic and meta-innovative way, enabling them to serve as catalysts and facilitators of agriculture sustainable development [&hellip;]<\/p>","protected":false},"author":1,"featured_media":434,"parent":0,"menu_order":0,"comment_status":"closed","ping_status":"closed","template":"page-about.php","meta":{"footnotes":""},"class_list":["post-50","page","type-page","status-publish","has-post-thumbnail","hentry"],"_links":{"self":[{"href":"https:\/\/cfarming-project.eu\/it\/wp-json\/wp\/v2\/pages\/50","targetHints":{"allow":["GET"]}}],"collection":[{"href":"https:\/\/cfarming-project.eu\/it\/wp-json\/wp\/v2\/pages"}],"about":[{"href":"https:\/\/cfarming-project.eu\/it\/wp-json\/wp\/v2\/types\/page"}],"author":[{"embeddable":true,"href":"https:\/\/cfarming-project.eu\/it\/wp-json\/wp\/v2\/users\/1"}],"replies":[{"embeddable":true,"href":"https:\/\/cfarming-project.eu\/it\/wp-json\/wp\/v2\/comments?post=50"}],"version-history":[{"count":3,"href":"https:\/\/cfarming-project.eu\/it\/wp-json\/wp\/v2\/pages\/50\/revisions"}],"predecessor-version":[{"id":69,"href":"https:\/\/cfarming-project.eu\/it\/wp-json\/wp\/v2\/pages\/50\/revisions\/69"}],"wp:featuredmedia":[{"embeddable":true,"href":"https:\/\/cfarming-project.eu\/it\/wp-json\/wp\/v2\/media\/434"}],"wp:attachment":[{"href":"https:\/\/cfarming-project.eu\/it\/wp-json\/wp\/v2\/media?parent=50"}],"curies":[{"name":"wp","href":"https:\/\/api.w.org\/{rel}","templated":true}]}}