{"id":14,"date":"2025-02-27T03:08:25","date_gmt":"2025-02-27T03:08:25","guid":{"rendered":"https:\/\/cfarming-project.eu\/?page_id=14"},"modified":"2025-03-14T09:27:30","modified_gmt":"2025-03-14T09:27:30","slug":"digital-learning-ecosystem","status":"publish","type":"page","link":"https:\/\/cfarming-project.eu\/it\/digital-learning-ecosystem\/","title":{"rendered":"Digital Learning Ecosystem"},"content":{"rendered":"<div class=\"vc_row wpb_row vc_row-fluid\"><div class=\"wpb_column vc_column_container vc_col-sm-12 vc_col-lg-offset-1 vc_col-lg-11\"><div class=\"vc_column-inner\"><div class=\"wpb_wrapper\">\n\t<div class=\"wpb_text_column wpb_content_element\" >\n\t\t<div class=\"wpb_wrapper\">\n\t\t\t<h1 style=\"text-align: left; font-size: 50px; color: #99a49d;\">Digital Learning Ecosystem<\/h1>\n\n\t\t<\/div>\n\t<\/div>\n<\/div><\/div><\/div><\/div><div class=\"vc_row wpb_row vc_row-fluid\"><div class=\"digital-text wpb_column vc_column_container vc_col-sm-12 vc_col-lg-offset-1 vc_col-lg-10\"><div class=\"vc_column-inner\"><div class=\"wpb_wrapper\">\n\t<div class=\"wpb_text_column wpb_content_element\" >\n\t\t<div class=\"wpb_wrapper\">\n\t\t\t<p>Il C-Farming Digital Learning Ecosystem offrir\u00e0 un ambiente di apprendimento intelligente, reattivo e adattabile, basato su casi di lavoro reali, che consentir\u00e0 di acquisire esperienza pratica attraverso l'apprendimento basato sul lavoro, includendo:<\/p>\n<ul>\n<li class=\"Xp24Nw _bsDhw cgHgbA WvQL9w _4c44Ng\"><strong><span class=\"OYPEnA\">Piattaforma di e-learning<\/span><\/strong><span class=\"OYPEnA\">, che ospita i due programmi di formazione C-Farming (VOOC, MOOC), sia per il programma \"Formazione formatori\" che per il programma di formazione per i professionisti dell'agricoltura.<\/span><\/li>\n<li class=\"Xp24Nw _bsDhw cgHgbA WvQL9w _4c44Ng\"><span class=\"OYPEnA\"><strong>Virtual Farm<\/strong>,<\/span><span class=\"OYPEnA\">\u00a0, un gioco di apprendimento 3D basato su WebVR, progettato per formare i nuovi professionisti dell'agricoltura sulle tecniche di coltivazione del carbonio.<\/span><\/li>\n<li class=\"Xp24Nw _bsDhw cgHgbA WvQL9w _4c44Ng\"><strong><span class=\"OYPEnA\">Comunit\u00e0\u00a0<\/span><span class=\"OYPEnA\">di pratica implementata tramite forum di discussione all'interno della piattaforma di e-learning.<\/span><span class=\"OYPEnA\">.<\/span><\/strong><\/li>\n<li class=\"Xp24Nw _bsDhw cgHgbA WvQL9w _4c44Ng\"><strong><span class=\"OYPEnA\">La biblioteca virtuale e il database delle pratiche virtuose<\/span><\/strong><span class=\"OYPEnA\"><strong>\u00a0<\/strong>, che fungeranno da risorsa di apprendimento autoguidata in cui i formatori VET e i professionisti dell'agricoltura possono approfondire le proprie conoscenze studiando al proprio ritmo. Tramite un'interfaccia unificata, la biblioteca virtuale fornir\u00e0 strumenti di ricerca e recupero informazioni efficaci per aiutare gli utenti a navigare nella ricchezza di informazioni disponibili.<\/span><\/li>\n<li class=\"Xp24Nw _bsDhw cgHgbA WvQL9w _4c44Ng\"><strong><span class=\"OYPEnA\">AI Chat Bot<\/span><\/strong><span class=\"OYPEnA\">offrir\u00e0 assistenza 24 ore su 24, 7 giorni su 7 agli utenti che navigano nella piattaforma. Risponder\u00e0 alle domande frequenti e indirizzer\u00e0 gli utenti verso le risorse pertinenti.<\/span><\/li>\n<\/ul>\n\n\t\t<\/div>\n\t<\/div>\n<\/div><\/div><\/div><\/div>","protected":false},"excerpt":{"rendered":"Digital Learning Ecosystem The C-Farming Digital Learning Ecosystem, will offer an intelligent, responsive, and adaptive learning environment based on real working cases (case-based learning) for trainees to gain hands-on experience through work-based learning comprises of the: e-Learning Platform, hosting the two C-Farming training programmes (VOOC, MOOC), for both the \"Train-the-trainers\" programme and the training programme [...]","protected":false},"author":1,"featured_media":348,"parent":0,"menu_order":0,"comment_status":"closed","ping_status":"closed","template":"","meta":{"footnotes":""},"class_list":["post-14","page","type-page","status-publish","has-post-thumbnail","hentry"],"_links":{"self":[{"href":"https:\/\/cfarming-project.eu\/it\/wp-json\/wp\/v2\/pages\/14","targetHints":{"allow":["GET"]}}],"collection":[{"href":"https:\/\/cfarming-project.eu\/it\/wp-json\/wp\/v2\/pages"}],"about":[{"href":"https:\/\/cfarming-project.eu\/it\/wp-json\/wp\/v2\/types\/page"}],"author":[{"embeddable":true,"href":"https:\/\/cfarming-project.eu\/it\/wp-json\/wp\/v2\/users\/1"}],"replies":[{"embeddable":true,"href":"https:\/\/cfarming-project.eu\/it\/wp-json\/wp\/v2\/comments?post=14"}],"version-history":[{"count":5,"href":"https:\/\/cfarming-project.eu\/it\/wp-json\/wp\/v2\/pages\/14\/revisions"}],"predecessor-version":[{"id":349,"href":"https:\/\/cfarming-project.eu\/it\/wp-json\/wp\/v2\/pages\/14\/revisions\/349"}],"wp:featuredmedia":[{"embeddable":true,"href":"https:\/\/cfarming-project.eu\/it\/wp-json\/wp\/v2\/media\/348"}],"wp:attachment":[{"href":"https:\/\/cfarming-project.eu\/it\/wp-json\/wp\/v2\/media?parent=14"}],"curies":[{"name":"wp","href":"https:\/\/api.w.org\/{rel}","templated":true}]}}