{"id":50,"date":"2025-02-27T04:38:31","date_gmt":"2025-02-27T04:38:31","guid":{"rendered":"https:\/\/cfarming-project.eu\/?page_id=50"},"modified":"2025-03-21T12:10:52","modified_gmt":"2025-03-21T12:10:52","slug":"about-the-project","status":"publish","type":"page","link":"https:\/\/cfarming-project.eu\/de\/about-the-project\/","title":{"rendered":"\u00dcber das Projekt"},"content":{"rendered":"<p>C-Farming hat sich zum Ziel gesetzt, die Einf\u00fchrung des gr\u00fcnen Gesch\u00e4ftsmodells Carbon Farming zu f\u00f6rdern, indem es die gr\u00fcnen, digitalen, unternehmerischen, transversalen und resilienten F\u00e4higkeiten von jetzigen und zuk\u00fcnftigen Landwirten, Landwirtschaftsfachleuten, Landwirtschaftsstudenten und Hochschul-\/Berufsschullehrern auf ganzheitliche und metainnovative Weise erweitert. Diese Akteure sollen bef\u00e4higt werden, als Katalysatoren und Vermittler einer nachhaltigen Entwicklung der Landwirtschaft in Europa und \u00fcber seine Grenzen hinaus zu dienen.<\/p>\r\n\r\n\r\n\r\n<p>Dieses sektorale und sektor\u00fcbergreifende Konsortium  zielt darauf ab, Innovationen in den Bildungs- und Produktionsprozessen des Agrarsektors zu f\u00f6rdern und gleichzeitig die Verbreitung der Kohlenstoffbewirtschaftung als klimafreundliche L\u00f6sung f\u00fcr die Landwirtschaft gezielt zu f\u00f6rdern. Dies soll durch die strategische Zusammenarbeit und den Wissensaustausch zwischen f\u00fcnf Hochschul- und Berufsbildungszentren, zwei Forschungseinrichtungen und zehn Akteuren am Arbeitsmarkt in sieben europ\u00e4ischen L\u00e4ndern erreicht werden, die dem nachhaltigen Agrarsektor dienen.<\/p>\r\n\r\n\r\n\r\n<p>C-Farming entwickelt zwei gemeinsame Ausbildungsprogramme, das Trainingsprogramm (VOOC) f\u00fcr landwirtschaftliche Praktiker, Agrarunternehmen und Landwirtschaftsstudenten und das Train-the-Trainers-Programm (MOOC) f\u00fcr landwirtschaftliche Fachkr\u00e4fte und Ausbilder in der beruflichen Bildung, die vollst\u00e4ndig mit dem ECVET\/EQF\/EQAVET- und dem europ\u00e4ischen Ansatz f\u00fcr  -Microcredentials \u00fcbereinstimmen.<\/p>\r\n\r\n\r\n\r\n<p>Diese Bildungsressourcen werden \u00fcber das digitale Lern-\u00d6kosystem von C-Farming frei zug\u00e4nglich sein und \u00fcber die e-Learning-Plattform und den virtuellen Bauernhof immersive Lernerfahrungen bieten. Durch sechs Aktivit\u00e4ten zum Kapazit\u00e4tsaufbau, sechs gemischte und eine asynchrone Pilotschulung, sechs pers\u00f6nliche und eine arbeitsbezogene Online-Lernaktivit\u00e4t werden 420 Beg\u00fcnstigte weitergebildet, um Qualifikationsl\u00fccken zu schlie\u00dfen und die Schaffung eines effektiven Bildungssystems f\u00fcr den nachhaltigen Agrarsektor zu f\u00f6rdern.<\/p>\r\n\r\n\r\n\r\n<p>Die in den sechs Partnerl\u00e4ndern eingerichteten C-Farming Learning &amp; Business Incubators werden als voll funktionsf\u00e4hige One-Stop-Shops f\u00fcr Kohlenstoffbewirtschaftung und nachhaltiges landwirtschaftliches Unternehmertum fungieren und gleichzeitig die langfristige Wirkung des Projekts sicherstellen.<\/p>\r\n\r\n\r\n\r\n<p><\/p>","protected":false},"excerpt":{"rendered":"<p>C-Farming aspires to foster the uptake of the Carbon Farming green business model, by upscaling the green, digital,&nbsp;net positive entrepreneurial, transversal and resilience skills of current and prospective farming practitioners, agriculture professionals, agriculture students and HE\/VET educators, in a holistic and meta-innovative way, enabling them to serve as catalysts and facilitators of agriculture sustainable development [&hellip;]<\/p>","protected":false},"author":1,"featured_media":434,"parent":0,"menu_order":0,"comment_status":"closed","ping_status":"closed","template":"page-about.php","meta":{"footnotes":""},"class_list":["post-50","page","type-page","status-publish","has-post-thumbnail","hentry"],"_links":{"self":[{"href":"https:\/\/cfarming-project.eu\/de\/wp-json\/wp\/v2\/pages\/50","targetHints":{"allow":["GET"]}}],"collection":[{"href":"https:\/\/cfarming-project.eu\/de\/wp-json\/wp\/v2\/pages"}],"about":[{"href":"https:\/\/cfarming-project.eu\/de\/wp-json\/wp\/v2\/types\/page"}],"author":[{"embeddable":true,"href":"https:\/\/cfarming-project.eu\/de\/wp-json\/wp\/v2\/users\/1"}],"replies":[{"embeddable":true,"href":"https:\/\/cfarming-project.eu\/de\/wp-json\/wp\/v2\/comments?post=50"}],"version-history":[{"count":3,"href":"https:\/\/cfarming-project.eu\/de\/wp-json\/wp\/v2\/pages\/50\/revisions"}],"predecessor-version":[{"id":69,"href":"https:\/\/cfarming-project.eu\/de\/wp-json\/wp\/v2\/pages\/50\/revisions\/69"}],"wp:featuredmedia":[{"embeddable":true,"href":"https:\/\/cfarming-project.eu\/de\/wp-json\/wp\/v2\/media\/434"}],"wp:attachment":[{"href":"https:\/\/cfarming-project.eu\/de\/wp-json\/wp\/v2\/media?parent=50"}],"curies":[{"name":"wp","href":"https:\/\/api.w.org\/{rel}","templated":true}]}}