{"id":14,"date":"2025-02-27T03:08:25","date_gmt":"2025-02-27T03:08:25","guid":{"rendered":"https:\/\/cfarming-project.eu\/?page_id=14"},"modified":"2025-03-14T09:27:30","modified_gmt":"2025-03-14T09:27:30","slug":"digital-learning-ecosystem","status":"publish","type":"page","link":"https:\/\/cfarming-project.eu\/de\/digital-learning-ecosystem\/","title":{"rendered":"\u00d6kosystem f\u00fcr digitales Lernen"},"content":{"rendered":"<div class=\"vc_row wpb_row vc_row-fluid\"><div class=\"wpb_column vc_column_container vc_col-sm-12 vc_col-lg-offset-1 vc_col-lg-11\"><div class=\"vc_column-inner\"><div class=\"wpb_wrapper\">\n\t<div class=\"wpb_text_column wpb_content_element\" >\n\t\t<div class=\"wpb_wrapper\">\n\t\t\t<h1 style=\"text-align: left; font-size: 50px; color: #99a49d;\">\u00d6kosystem f\u00fcr digitales Lernen<\/h1>\n\n\t\t<\/div>\n\t<\/div>\n<\/div><\/div><\/div><\/div><div class=\"vc_row wpb_row vc_row-fluid\"><div class=\"digital-text wpb_column vc_column_container vc_col-sm-12 vc_col-lg-offset-1 vc_col-lg-10\"><div class=\"vc_column-inner\"><div class=\"wpb_wrapper\">\n\t<div class=\"wpb_text_column wpb_content_element\" >\n\t\t<div class=\"wpb_wrapper\">\n\t\t\t<p>Das C-Farming Digital Learning Ecosystem bietet eine intelligente, reaktionsschnelle und anpassungsf\u00e4hige Lernumgebung auf der Grundlage realer Arbeitsf\u00e4lle (fallbasiertes Lernen), in der die Auszubildenden praktische Erfahrungen durch arbeitsbezogenes Lernen sammeln k\u00f6nnen:<\/p>\n<ul>\n<li class=\"Xp24Nw _bsDhw cgHgbA WvQL9w _4c44Ng\"><strong><span class=\"OYPEnA\">e-Learning-Plattform<\/span><\/strong><span class=\"OYPEnA\">auf der die beiden C-Farming-Ausbildungsprogramme (VOOC, MOOC) sowohl f\u00fcr das \"Train-the-Trainers\"-Programm als auch f\u00fcr das Ausbildungsprogramm f\u00fcr landwirtschaftliche Praktiker angeboten werden<\/span><\/li>\n<li class=\"Xp24Nw _bsDhw cgHgbA WvQL9w _4c44Ng\"><span class=\"OYPEnA\"><strong>Virtual Farm<\/strong>,<\/span><span class=\"OYPEnA\">\u00a0, ein WebVR-basiertes 3D-Lernspiel zur Schulung von Landwirten in Techniken der Kohlenstoffwirtschaft.<\/span><\/li>\n<li class=\"Xp24Nw _bsDhw cgHgbA WvQL9w _4c44Ng\"><strong><span class=\"OYPEnA\">Community\u00a0<\/span><span class=\"OYPEnA\">of Practice durch Diskussionsforen innerhalb der e-Learning-Plattform.<\/span><span class=\"OYPEnA\">.<\/span><\/strong><\/li>\n<li class=\"Xp24Nw _bsDhw cgHgbA WvQL9w _4c44Ng\"><strong><span class=\"OYPEnA\">Die virtuelle Bibliothek und die Datenbank f\u00fcr bew\u00e4hrte Verfahren<\/span><\/strong><span class=\"OYPEnA\"><strong>\u00a0<\/strong>werden als selbstgesteuerte Lernressource dienen, in der Ausbilder in der beruflichen Bildung und Praktiker in der Landwirtschaft ihr Wissen vertiefen k\u00f6nnen, indem sie in ihrem eigenen Tempo lernen. \u00dcber eine einheitliche Schnittstelle wird die virtuelle Bibliothek wirksame Such- und Abfragem\u00f6glichkeiten bieten, die den Nutzern helfen, sich in der F\u00fclle der verf\u00fcgbaren Informationen zurechtzufinden.<\/span><\/li>\n<li class=\"Xp24Nw _bsDhw cgHgbA WvQL9w _4c44Ng\"><strong><span class=\"OYPEnA\">Ein KI Chat Bot<\/span><\/strong><span class=\"OYPEnA\">, wird den Nutzern rund um die Uhr Unterst\u00fctzung bei der Navigation durch das \u00d6kosystem bieten. Er wird h\u00e4ufig gestellte Fragen beantworten und die Nutzer an relevante Ressourcen weiterleiten.<\/span><\/li>\n<\/ul>\n\n\t\t<\/div>\n\t<\/div>\n<\/div><\/div><\/div><\/div>","protected":false},"excerpt":{"rendered":"Digital Learning Ecosystem The C-Farming Digital Learning Ecosystem, will offer an intelligent, responsive, and adaptive learning environment based on real working cases (case-based learning) for trainees to gain hands-on experience through work-based learning comprises of the: e-Learning Platform, hosting the two C-Farming training programmes (VOOC, MOOC), for both the \"Train-the-trainers\" programme and the training programme [...]","protected":false},"author":1,"featured_media":348,"parent":0,"menu_order":0,"comment_status":"closed","ping_status":"closed","template":"","meta":{"footnotes":""},"class_list":["post-14","page","type-page","status-publish","has-post-thumbnail","hentry"],"_links":{"self":[{"href":"https:\/\/cfarming-project.eu\/de\/wp-json\/wp\/v2\/pages\/14","targetHints":{"allow":["GET"]}}],"collection":[{"href":"https:\/\/cfarming-project.eu\/de\/wp-json\/wp\/v2\/pages"}],"about":[{"href":"https:\/\/cfarming-project.eu\/de\/wp-json\/wp\/v2\/types\/page"}],"author":[{"embeddable":true,"href":"https:\/\/cfarming-project.eu\/de\/wp-json\/wp\/v2\/users\/1"}],"replies":[{"embeddable":true,"href":"https:\/\/cfarming-project.eu\/de\/wp-json\/wp\/v2\/comments?post=14"}],"version-history":[{"count":5,"href":"https:\/\/cfarming-project.eu\/de\/wp-json\/wp\/v2\/pages\/14\/revisions"}],"predecessor-version":[{"id":349,"href":"https:\/\/cfarming-project.eu\/de\/wp-json\/wp\/v2\/pages\/14\/revisions\/349"}],"wp:featuredmedia":[{"embeddable":true,"href":"https:\/\/cfarming-project.eu\/de\/wp-json\/wp\/v2\/media\/348"}],"wp:attachment":[{"href":"https:\/\/cfarming-project.eu\/de\/wp-json\/wp\/v2\/media?parent=14"}],"curies":[{"name":"wp","href":"https:\/\/api.w.org\/{rel}","templated":true}]}}