{"id":50,"date":"2025-02-27T04:38:31","date_gmt":"2025-02-27T04:38:31","guid":{"rendered":"https:\/\/cfarming-project.eu\/?page_id=50"},"modified":"2025-03-21T12:10:52","modified_gmt":"2025-03-21T12:10:52","slug":"about-the-project","status":"publish","type":"page","link":"https:\/\/cfarming-project.eu\/da\/about-the-project\/","title":{"rendered":"Om projektet"},"content":{"rendered":"<p>C-Farming har til form\u00e5l at fremme anvendelsen af den gr\u00f8nne forretningsmodel for kulstoflandbrug ved at opkvalificere de gr\u00f8nne, digitale, net positive entrepren\u00f8rielle, tv\u00e6rg\u00e5ende og modstandsdygtige kompetencer hos nuv\u00e6rende og kommende landbrugsud\u00f8vere, landbrugsprofessionelle, landbrugsstuderende samt undervisere i videreg\u00e5ende og erhvervsrettet uddannelse (HE\/VET), p\u00e5 en holistisk og innovativ m\u00e5de, s\u00e5 de kan fungere som katalysatorer og facilitatorer for b\u00e6redygtig landbrugsudvikling i Europa og uden for dets gr\u00e6nser.<\/p>\r\n\r\n\r\n\r\n<p>Denne sektorielle og tv\u00e6rsektorielle alliance har til form\u00e5l at fremme innovation i landbrugssektorens uddannelses- og produktionsprocesser, samtidig med at den \u00f8ger anvendelsen af kulstoflandbrug som en klimaklog landbrugsl\u00f8sning gennem strategisk samarbejde og vidensudveksling mellem 5 videreg\u00e5ende og erhvervsrettede uddannelsesinstitutioner, 2 forskningsinstitutioner og 10 arbejdsmarkedsakt\u00f8rer i 7 europ\u00e6iske lande, med det form\u00e5l at styrke en b\u00e6redygtig landbrugssektor.<\/p>\r\n\r\n\r\n\r\n<p>C-Farming udvikler to f\u00e6lles uddannelsesprogrammer: Uddannelsesprogrammet (VOOC) for landbrugsud\u00f8vere, landbrugsvirksomheder og studerende samt Train-the-Trainers-programmet (MOOC) for landbrugsprofessionelle og undervisere i HE\/VET. Programmerne er fuldt ud tilpasset ECVET\/EQF\/EQAVET og EU's mikrocredential-tilgang.<\/p>\r\n\r\n\r\n\r\n<p>Disse ressourcer vil v\u00e6re frit tilg\u00e6ngelige gennem C-Farming Digital Learning Ecosystem, som tilbyder engagerende l\u00e6ringsoplevelser via e-l\u00e6ringsplatformen og den virtuelle g\u00e5rd. Gennem 6 kapacitetsopbygningsaktiviteter, 6 kombinerede og 1 asynkrone pilotuddannelser, 6 fysiske og 1 online arbejdsbaserede l\u00e6ringsaktiviteter, vil 420 deltagere blive opkvalificeret\/omskolert, hvilket bidrager til at lukke kompetencegab og styrke etableringen af et effektivt uddannelsessystem for en b\u00e6redygtig landbrugssektor.<\/p>\r\n\r\n\r\n\r\n<p>De C-Farming Learning &amp; Business Incubators, der etableres i de 6 partnerlande, vil fungere som fuldt operationelle one-stop-shops for kulstoflandbrug og b\u00e6redygtigt landbrugsiv\u00e6rks\u00e6tteri og sikre projektets langsigtede effekt.<\/p>\r\n\r\n\r\n\r\n<p><\/p>","protected":false},"excerpt":{"rendered":"<p>C-Farming aspires to foster the uptake of the Carbon Farming green business model, by upscaling the green, digital,&nbsp;net positive entrepreneurial, transversal and resilience skills of current and prospective farming practitioners, agriculture professionals, agriculture students and HE\/VET educators, in a holistic and meta-innovative way, enabling them to serve as catalysts and facilitators of agriculture sustainable development [&hellip;]<\/p>","protected":false},"author":1,"featured_media":434,"parent":0,"menu_order":0,"comment_status":"closed","ping_status":"closed","template":"page-about.php","meta":{"footnotes":""},"class_list":["post-50","page","type-page","status-publish","has-post-thumbnail","hentry"],"_links":{"self":[{"href":"https:\/\/cfarming-project.eu\/da\/wp-json\/wp\/v2\/pages\/50","targetHints":{"allow":["GET"]}}],"collection":[{"href":"https:\/\/cfarming-project.eu\/da\/wp-json\/wp\/v2\/pages"}],"about":[{"href":"https:\/\/cfarming-project.eu\/da\/wp-json\/wp\/v2\/types\/page"}],"author":[{"embeddable":true,"href":"https:\/\/cfarming-project.eu\/da\/wp-json\/wp\/v2\/users\/1"}],"replies":[{"embeddable":true,"href":"https:\/\/cfarming-project.eu\/da\/wp-json\/wp\/v2\/comments?post=50"}],"version-history":[{"count":3,"href":"https:\/\/cfarming-project.eu\/da\/wp-json\/wp\/v2\/pages\/50\/revisions"}],"predecessor-version":[{"id":69,"href":"https:\/\/cfarming-project.eu\/da\/wp-json\/wp\/v2\/pages\/50\/revisions\/69"}],"wp:featuredmedia":[{"embeddable":true,"href":"https:\/\/cfarming-project.eu\/da\/wp-json\/wp\/v2\/media\/434"}],"wp:attachment":[{"href":"https:\/\/cfarming-project.eu\/da\/wp-json\/wp\/v2\/media?parent=50"}],"curies":[{"name":"wp","href":"https:\/\/api.w.org\/{rel}","templated":true}]}}